{"id":41,"date":"2025-06-08T12:08:28","date_gmt":"2025-06-08T12:08:28","guid":{"rendered":"https:\/\/nazaks.com.tr\/?page_id=41"},"modified":"2025-06-08T12:08:28","modified_gmt":"2025-06-08T12:08:28","slug":"uretim-parkuru","status":"publish","type":"page","link":"https:\/\/nazaks.com.tr\/?page_id=41","title":{"rendered":"\u00dcRET\u0130M PARKURU"},"content":{"rendered":"","protected":false},"excerpt":{"rendered":"","protected":false},"author":1,"featured_media":0,"parent":0,"menu_order":0,"comment_status":"closed","ping_status":"closed","template":"","meta":{"footnotes":""},"class_list":["post-41","page","type-page","status-publish","hentry"],"yoast_head":"<!-- This site is optimized with the Yoast SEO plugin v25.2 - https:\/\/yoast.com\/wordpress\/plugins\/seo\/ -->\n<title>\u00dcRET\u0130M PARKURU - Nazaks Aksesuar | Pvc Ekipmanlar\u0131<\/title>\n<meta name=\"robots\" content=\"index, follow, max-snippet:-1, max-image-preview:large, max-video-preview:-1\" \/>\n<link rel=\"canonical\" href=\"https:\/\/nazaks.com.tr\/?page_id=41\" \/>\n<meta property=\"og:locale\" content=\"tr_TR\" \/>\n<meta property=\"og:type\" content=\"article\" \/>\n<meta property=\"og:title\" content=\"\u00dcRET\u0130M PARKURU - Nazaks Aksesuar | Pvc Ekipmanlar\u0131\" \/>\n<meta property=\"og:url\" content=\"https:\/\/nazaks.com.tr\/?page_id=41\" \/>\n<meta property=\"og:site_name\" content=\"Nazaks Aksesuar | Pvc Ekipmanlar\u0131\" \/>\n<meta name=\"twitter:card\" content=\"summary_large_image\" \/>\n<script type=\"application\/ld+json\" class=\"yoast-schema-graph\">{\"@context\":\"https:\/\/schema.org\",\"@graph\":[{\"@type\":\"WebPage\",\"@id\":\"https:\/\/nazaks.com.tr\/?page_id=41\",\"url\":\"https:\/\/nazaks.com.tr\/?page_id=41\",\"name\":\"\u00dcRET\u0130M PARKURU - Nazaks Aksesuar | Pvc Ekipmanlar\u0131\",\"isPartOf\":{\"@id\":\"https:\/\/nazaks.com.tr\/#website\"},\"datePublished\":\"2025-06-08T12:08:28+00:00\",\"breadcrumb\":{\"@id\":\"https:\/\/nazaks.com.tr\/?page_id=41#breadcrumb\"},\"inLanguage\":\"tr\",\"potentialAction\":[{\"@type\":\"ReadAction\",\"target\":[\"https:\/\/nazaks.com.tr\/?page_id=41\"]}]},{\"@type\":\"BreadcrumbList\",\"@id\":\"https:\/\/nazaks.com.tr\/?page_id=41#breadcrumb\",\"itemListElement\":[{\"@type\":\"ListItem\",\"position\":1,\"name\":\"Anasayfa\",\"item\":\"https:\/\/nazaks.com.tr\/\"},{\"@type\":\"ListItem\",\"position\":2,\"name\":\"\u00dcRET\u0130M PARKURU\"}]},{\"@type\":\"WebSite\",\"@id\":\"https:\/\/nazaks.com.tr\/#website\",\"url\":\"https:\/\/nazaks.com.tr\/\",\"name\":\"Nazaks Aksesuar | Pvc Ekipmanlar\u0131\",\"description\":\"\",\"publisher\":{\"@id\":\"https:\/\/nazaks.com.tr\/#organization\"},\"potentialAction\":[{\"@type\":\"SearchAction\",\"target\":{\"@type\":\"EntryPoint\",\"urlTemplate\":\"https:\/\/nazaks.com.tr\/?s={search_term_string}\"},\"query-input\":{\"@type\":\"PropertyValueSpecification\",\"valueRequired\":true,\"valueName\":\"search_term_string\"}}],\"inLanguage\":\"tr\"},{\"@type\":\"Organization\",\"@id\":\"https:\/\/nazaks.com.tr\/#organization\",\"name\":\"Nazaks Aksesuar | Pvc Ekipmanlar\u0131\",\"url\":\"https:\/\/nazaks.com.tr\/\",\"logo\":{\"@type\":\"ImageObject\",\"inLanguage\":\"tr\",\"@id\":\"https:\/\/nazaks.com.tr\/#\/schema\/logo\/image\/\",\"url\":\"https:\/\/nazaks.com.tr\/wp-content\/uploads\/2025\/06\/cropped-Isimsiz-2-1.png\",\"contentUrl\":\"https:\/\/nazaks.com.tr\/wp-content\/uploads\/2025\/06\/cropped-Isimsiz-2-1.png\",\"width\":1325,\"height\":651,\"caption\":\"Nazaks Aksesuar | Pvc Ekipmanlar\u0131\"},\"image\":{\"@id\":\"https:\/\/nazaks.com.tr\/#\/schema\/logo\/image\/\"}}]}<\/script>\n<!-- \/ Yoast SEO plugin. -->","yoast_head_json":{"title":"\u00dcRET\u0130M PARKURU - Nazaks Aksesuar | Pvc Ekipmanlar\u0131","robots":{"index":"index","follow":"follow","max-snippet":"max-snippet:-1","max-image-preview":"max-image-preview:large","max-video-preview":"max-video-preview:-1"},"canonical":"https:\/\/nazaks.com.tr\/?page_id=41","og_locale":"tr_TR","og_type":"article","og_title":"\u00dcRET\u0130M PARKURU - Nazaks Aksesuar | Pvc Ekipmanlar\u0131","og_url":"https:\/\/nazaks.com.tr\/?page_id=41","og_site_name":"Nazaks Aksesuar | Pvc Ekipmanlar\u0131","twitter_card":"summary_large_image","schema":{"@context":"https:\/\/schema.org","@graph":[{"@type":"WebPage","@id":"https:\/\/nazaks.com.tr\/?page_id=41","url":"https:\/\/nazaks.com.tr\/?page_id=41","name":"\u00dcRET\u0130M PARKURU - Nazaks Aksesuar | Pvc Ekipmanlar\u0131","isPartOf":{"@id":"https:\/\/nazaks.com.tr\/#website"},"datePublished":"2025-06-08T12:08:28+00:00","breadcrumb":{"@id":"https:\/\/nazaks.com.tr\/?page_id=41#breadcrumb"},"inLanguage":"tr","potentialAction":[{"@type":"ReadAction","target":["https:\/\/nazaks.com.tr\/?page_id=41"]}]},{"@type":"BreadcrumbList","@id":"https:\/\/nazaks.com.tr\/?page_id=41#breadcrumb","itemListElement":[{"@type":"ListItem","position":1,"name":"Anasayfa","item":"https:\/\/nazaks.com.tr\/"},{"@type":"ListItem","position":2,"name":"\u00dcRET\u0130M PARKURU"}]},{"@type":"WebSite","@id":"https:\/\/nazaks.com.tr\/#website","url":"https:\/\/nazaks.com.tr\/","name":"Nazaks Aksesuar | Pvc Ekipmanlar\u0131","description":"","publisher":{"@id":"https:\/\/nazaks.com.tr\/#organization"},"potentialAction":[{"@type":"SearchAction","target":{"@type":"EntryPoint","urlTemplate":"https:\/\/nazaks.com.tr\/?s={search_term_string}"},"query-input":{"@type":"PropertyValueSpecification","valueRequired":true,"valueName":"search_term_string"}}],"inLanguage":"tr"},{"@type":"Organization","@id":"https:\/\/nazaks.com.tr\/#organization","name":"Nazaks Aksesuar | Pvc Ekipmanlar\u0131","url":"https:\/\/nazaks.com.tr\/","logo":{"@type":"ImageObject","inLanguage":"tr","@id":"https:\/\/nazaks.com.tr\/#\/schema\/logo\/image\/","url":"https:\/\/nazaks.com.tr\/wp-content\/uploads\/2025\/06\/cropped-Isimsiz-2-1.png","contentUrl":"https:\/\/nazaks.com.tr\/wp-content\/uploads\/2025\/06\/cropped-Isimsiz-2-1.png","width":1325,"height":651,"caption":"Nazaks Aksesuar | Pvc Ekipmanlar\u0131"},"image":{"@id":"https:\/\/nazaks.com.tr\/#\/schema\/logo\/image\/"}}]}},"_links":{"self":[{"href":"https:\/\/nazaks.com.tr\/index.php?rest_route=\/wp\/v2\/pages\/41","targetHints":{"allow":["GET"]}}],"collection":[{"href":"https:\/\/nazaks.com.tr\/index.php?rest_route=\/wp\/v2\/pages"}],"about":[{"href":"https:\/\/nazaks.com.tr\/index.php?rest_route=\/wp\/v2\/types\/page"}],"author":[{"embeddable":true,"href":"https:\/\/nazaks.com.tr\/index.php?rest_route=\/wp\/v2\/users\/1"}],"replies":[{"embeddable":true,"href":"https:\/\/nazaks.com.tr\/index.php?rest_route=%2Fwp%2Fv2%2Fcomments&post=41"}],"version-history":[{"count":1,"href":"https:\/\/nazaks.com.tr\/index.php?rest_route=\/wp\/v2\/pages\/41\/revisions"}],"predecessor-version":[{"id":44,"href":"https:\/\/nazaks.com.tr\/index.php?rest_route=\/wp\/v2\/pages\/41\/revisions\/44"}],"wp:attachment":[{"href":"https:\/\/nazaks.com.tr\/index.php?rest_route=%2Fwp%2Fv2%2Fmedia&parent=41"}],"curies":[{"name":"wp","href":"https:\/\/api.w.org\/{rel}","templated":true}]}}